{"id":133,"date":"2013-12-28T11:07:37","date_gmt":"2013-12-28T10:07:37","guid":{"rendered":"http:\/\/gitefrasnee.fam-leijtens.nl\/?page_id=133"},"modified":"2015-02-23T13:39:39","modified_gmt":"2015-02-23T12:39:39","slug":"home","status":"publish","type":"page","link":"http:\/\/www.tulipe-jura.com\/nl\/","title":{"rendered":"Home"},"content":{"rendered":"<p><\/p>\n<h3 style=\"text-align: center;\">Hallo, wij zijn Jan en Estha<\/h3>\n<p style=\"text-align: center;\"><img loading=\"lazy\" decoding=\"async\" class=\"aligncenter size-medium wp-image-395\" src=\"http:\/\/www.tulipe-jura.com\/wp-content\/uploads\/2014\/12\/Jan_Estha-300x209.png\" alt=\"Jan en Estha\" width=\"300\" height=\"209\" srcset=\"http:\/\/www.tulipe-jura.com\/wp-content\/uploads\/2014\/12\/Jan_Estha-300x209.png 300w, http:\/\/www.tulipe-jura.com\/wp-content\/uploads\/2014\/12\/Jan_Estha.png 330w\" sizes=\"auto, (max-width: 300px) 100vw, 300px\" \/><\/p>\n<p style=\"text-align: center;\"><strong>Leuk dat je onze site gevonden hebt !\u00a0<\/strong><\/p>\n<p><\/p>","protected":false},"excerpt":{"rendered":"<p>Hallo, wij zijn Jan en Estha Leuk dat je onze site gevonden hebt !\u00a0<\/p>\n","protected":false},"author":1,"featured_media":0,"parent":0,"menu_order":1,"comment_status":"closed","ping_status":"closed","template":"","meta":{"ngg_post_thumbnail":0,"footnotes":""},"class_list":["post-133","page","type-page","status-publish","hentry"],"yoast_head":"<!-- This site is optimized with the Yoast SEO plugin v26.8 - https:\/\/yoast.com\/product\/yoast-seo-wordpress\/ -->\n<title>&quot;La Tulipe&quot; Jura France<\/title>\n<meta name=\"description\" content=\"La Tulipe, location chalet (g\u00eete, chambre d&#039;h\u00f4tes), Jura fran\u00e7ais Profitez d&#039;une d\u00e9tente, un cadre magnifique, bonne nourriture et la boisson. Pour les sports d&#039;hiver.\" \/>\n<meta name=\"robots\" content=\"index, follow, max-snippet:-1, max-image-preview:large, max-video-preview:-1\" \/>\n<link rel=\"canonical\" href=\"http:\/\/www.tulipe-jura.com\/nl\/\" \/>\n<meta property=\"og:locale\" content=\"nl_NL\" \/>\n<meta property=\"og:type\" content=\"article\" \/>\n<meta property=\"og:title\" content=\"&quot;La Tulipe&quot; Jura France\" \/>\n<meta property=\"og:description\" content=\"La Tulipe, location chalet (g\u00eete, chambre d&#039;h\u00f4tes), Jura fran\u00e7ais Profitez d&#039;une d\u00e9tente, un cadre magnifique, bonne nourriture et la boisson. Pour les sports d&#039;hiver.\" \/>\n<meta property=\"og:url\" content=\"http:\/\/www.tulipe-jura.com\/nl\/\" \/>\n<meta property=\"og:site_name\" content=\"&quot;La Tulipe&quot;\" \/>\n<meta property=\"article:modified_time\" content=\"2015-02-23T12:39:39+00:00\" \/>\n<meta property=\"og:image\" content=\"http:\/\/www.tulipe-jura.com\/wp-content\/uploads\/2014\/12\/Jan_Estha-300x209.png\" \/>\n<script type=\"application\/ld+json\" class=\"yoast-schema-graph\">{\"@context\":\"https:\/\/schema.org\",\"@graph\":[{\"@type\":\"WebPage\",\"@id\":\"http:\/\/www.tulipe-jura.com\/nl\/\",\"url\":\"http:\/\/www.tulipe-jura.com\/nl\/\",\"name\":\"\\\"La Tulipe\\\" Jura France\",\"isPartOf\":{\"@id\":\"http:\/\/www.tulipe-jura.com\/nl\/#website\"},\"primaryImageOfPage\":{\"@id\":\"http:\/\/www.tulipe-jura.com\/nl\/#primaryimage\"},\"image\":{\"@id\":\"http:\/\/www.tulipe-jura.com\/nl\/#primaryimage\"},\"thumbnailUrl\":\"http:\/\/www.tulipe-jura.com\/wp-content\/uploads\/2014\/12\/Jan_Estha-300x209.png\",\"datePublished\":\"2013-12-28T10:07:37+00:00\",\"dateModified\":\"2015-02-23T12:39:39+00:00\",\"description\":\"La Tulipe, location chalet (g\u00eete, chambre d'h\u00f4tes), Jura fran\u00e7ais Profitez d'une d\u00e9tente, un cadre magnifique, bonne nourriture et la boisson. Pour les sports d'hiver.\",\"breadcrumb\":{\"@id\":\"http:\/\/www.tulipe-jura.com\/nl\/#breadcrumb\"},\"inLanguage\":\"nl-NL\",\"potentialAction\":[{\"@type\":\"ReadAction\",\"target\":[[\"http:\/\/www.tulipe-jura.com\/nl\/\"]]}]},{\"@type\":\"ImageObject\",\"inLanguage\":\"nl-NL\",\"@id\":\"http:\/\/www.tulipe-jura.com\/nl\/#primaryimage\",\"url\":\"http:\/\/www.tulipe-jura.com\/wp-content\/uploads\/2014\/12\/Jan_Estha-300x209.png\",\"contentUrl\":\"http:\/\/www.tulipe-jura.com\/wp-content\/uploads\/2014\/12\/Jan_Estha-300x209.png\"},{\"@type\":\"BreadcrumbList\",\"@id\":\"http:\/\/www.tulipe-jura.com\/nl\/#breadcrumb\",\"itemListElement\":[{\"@type\":\"ListItem\",\"position\":1,\"name\":\"Home\",\"item\":\"http:\/\/www.tulipe-jura.com\/nl\/\"},{\"@type\":\"ListItem\",\"position\":2,\"name\":\"Home\"}]},{\"@type\":\"WebSite\",\"@id\":\"http:\/\/www.tulipe-jura.com\/nl\/#website\",\"url\":\"http:\/\/www.tulipe-jura.com\/nl\/\",\"name\":\"&quot;La Tulipe&quot;\",\"description\":\"Optimaal genieten in de Jura\",\"potentialAction\":[{\"@type\":\"SearchAction\",\"target\":{\"@type\":\"EntryPoint\",\"urlTemplate\":\"http:\/\/www.tulipe-jura.com\/nl\/?s={search_term_string}\"},\"query-input\":{\"@type\":\"PropertyValueSpecification\",\"valueRequired\":true,\"valueName\":\"search_term_string\"}}],\"inLanguage\":\"nl-NL\"}]}<\/script>\n<!-- \/ Yoast SEO plugin. -->","yoast_head_json":{"title":"\"La Tulipe\" Jura France","description":"La Tulipe, location chalet (g\u00eete, chambre d'h\u00f4tes), Jura fran\u00e7ais Profitez d'une d\u00e9tente, un cadre magnifique, bonne nourriture et la boisson. Pour les sports d'hiver.","robots":{"index":"index","follow":"follow","max-snippet":"max-snippet:-1","max-image-preview":"max-image-preview:large","max-video-preview":"max-video-preview:-1"},"canonical":"http:\/\/www.tulipe-jura.com\/nl\/","og_locale":"nl_NL","og_type":"article","og_title":"\"La Tulipe\" Jura France","og_description":"La Tulipe, location chalet (g\u00eete, chambre d'h\u00f4tes), Jura fran\u00e7ais Profitez d'une d\u00e9tente, un cadre magnifique, bonne nourriture et la boisson. Pour les sports d'hiver.","og_url":"http:\/\/www.tulipe-jura.com\/nl\/","og_site_name":"&quot;La Tulipe&quot;","article_modified_time":"2015-02-23T12:39:39+00:00","og_image":[{"url":"http:\/\/www.tulipe-jura.com\/wp-content\/uploads\/2014\/12\/Jan_Estha-300x209.png","type":"","width":"","height":""}],"schema":{"@context":"https:\/\/schema.org","@graph":[{"@type":"WebPage","@id":"http:\/\/www.tulipe-jura.com\/nl\/","url":"http:\/\/www.tulipe-jura.com\/nl\/","name":"\"La Tulipe\" Jura France","isPartOf":{"@id":"http:\/\/www.tulipe-jura.com\/nl\/#website"},"primaryImageOfPage":{"@id":"http:\/\/www.tulipe-jura.com\/nl\/#primaryimage"},"image":{"@id":"http:\/\/www.tulipe-jura.com\/nl\/#primaryimage"},"thumbnailUrl":"http:\/\/www.tulipe-jura.com\/wp-content\/uploads\/2014\/12\/Jan_Estha-300x209.png","datePublished":"2013-12-28T10:07:37+00:00","dateModified":"2015-02-23T12:39:39+00:00","description":"La Tulipe, location chalet (g\u00eete, chambre d'h\u00f4tes), Jura fran\u00e7ais Profitez d'une d\u00e9tente, un cadre magnifique, bonne nourriture et la boisson. Pour les sports d'hiver.","breadcrumb":{"@id":"http:\/\/www.tulipe-jura.com\/nl\/#breadcrumb"},"inLanguage":"nl-NL","potentialAction":[{"@type":"ReadAction","target":[["http:\/\/www.tulipe-jura.com\/nl\/"]]}]},{"@type":"ImageObject","inLanguage":"nl-NL","@id":"http:\/\/www.tulipe-jura.com\/nl\/#primaryimage","url":"http:\/\/www.tulipe-jura.com\/wp-content\/uploads\/2014\/12\/Jan_Estha-300x209.png","contentUrl":"http:\/\/www.tulipe-jura.com\/wp-content\/uploads\/2014\/12\/Jan_Estha-300x209.png"},{"@type":"BreadcrumbList","@id":"http:\/\/www.tulipe-jura.com\/nl\/#breadcrumb","itemListElement":[{"@type":"ListItem","position":1,"name":"Home","item":"http:\/\/www.tulipe-jura.com\/nl\/"},{"@type":"ListItem","position":2,"name":"Home"}]},{"@type":"WebSite","@id":"http:\/\/www.tulipe-jura.com\/nl\/#website","url":"http:\/\/www.tulipe-jura.com\/nl\/","name":"&quot;La Tulipe&quot;","description":"Optimaal genieten in de Jura","potentialAction":[{"@type":"SearchAction","target":{"@type":"EntryPoint","urlTemplate":"http:\/\/www.tulipe-jura.com\/nl\/?s={search_term_string}"},"query-input":{"@type":"PropertyValueSpecification","valueRequired":true,"valueName":"search_term_string"}}],"inLanguage":"nl-NL"}]}},"_links":{"self":[{"href":"http:\/\/www.tulipe-jura.com\/nl\/wp-json\/wp\/v2\/pages\/133","targetHints":{"allow":["GET"]}}],"collection":[{"href":"http:\/\/www.tulipe-jura.com\/nl\/wp-json\/wp\/v2\/pages"}],"about":[{"href":"http:\/\/www.tulipe-jura.com\/nl\/wp-json\/wp\/v2\/types\/page"}],"author":[{"embeddable":true,"href":"http:\/\/www.tulipe-jura.com\/nl\/wp-json\/wp\/v2\/users\/1"}],"replies":[{"embeddable":true,"href":"http:\/\/www.tulipe-jura.com\/nl\/wp-json\/wp\/v2\/comments?post=133"}],"version-history":[{"count":24,"href":"http:\/\/www.tulipe-jura.com\/nl\/wp-json\/wp\/v2\/pages\/133\/revisions"}],"predecessor-version":[{"id":674,"href":"http:\/\/www.tulipe-jura.com\/nl\/wp-json\/wp\/v2\/pages\/133\/revisions\/674"}],"wp:attachment":[{"href":"http:\/\/www.tulipe-jura.com\/nl\/wp-json\/wp\/v2\/media?parent=133"}],"curies":[{"name":"wp","href":"https:\/\/api.w.org\/{rel}","templated":true}]}}